{"id":899,"date":"2018-11-14T14:07:32","date_gmt":"2018-11-14T18:07:32","guid":{"rendered":"https:\/\/www.coandominicana.com\/?page_id=899"},"modified":"2018-11-14T14:07:32","modified_gmt":"2018-11-14T18:07:32","slug":"detectores-de-metal","status":"publish","type":"page","link":"https:\/\/coan.devtop.online\/index.php\/detectores-de-metal\/","title":{"rendered":"Detectores de metal"},"content":{"rendered":"<div class=\"wpb-content-wrapper\"><p>[vc_row css_animation=\u00bb\u00bb row_type=\u00bbrow\u00bb use_row_as_full_screen_section=\u00bbno\u00bb type=\u00bbgrid\u00bb angled_section=\u00bbno\u00bb text_align=\u00bbcenter\u00bb background_image_as_pattern=\u00bbwithout_pattern\u00bb z_index=\u00bb\u00bb][vc_column][qode_button_v2 target=\u00bb_blank\u00bb icon_pack=\u00bbfont_elegant\u00bb fe_icon=\u00bbarrow_carrot-right\u00bb hover_effect=\u00bbshadow_enhance\u00bb gradient=\u00bbno\u00bb text=\u00bbConoce Nuestras Ofertas\u00bb link=\u00bbhttps:\/\/www.coandominicana.com\/ofertas\/\u00bb color=\u00bb#ffffff\u00bb background_color=\u00bb#9bbf41&#8243; hover_background_color=\u00bb#9bbf41&#8243; icon_border_color=\u00bb#ffffff\u00bb font_size=\u00bb18&#8243;][\/vc_column][\/vc_row][vc_row css_animation=\u00bb\u00bb row_type=\u00bbrow\u00bb use_row_as_full_screen_section=\u00bbno\u00bb type=\u00bbgrid\u00bb angled_section=\u00bbno\u00bb text_align=\u00bbleft\u00bb background_image_as_pattern=\u00bbwithout_pattern\u00bb css=\u00bb.vc_custom_1532462067196{padding-top: 40px !important;padding-bottom: 20px !important;}\u00bb z_index=\u00bb\u00bb][vc_column width=\u00bb1\/3&#8243; css=\u00bb.vc_custom_1532384547906{padding-right: 5% !important;padding-left: 5% !important;}\u00bb][vc_column_text]<\/p>\n<h3 style=\"text-align: center;\">Arco Detector de Metales 6 Zonas<\/h3>\n<p>[\/vc_column_text][vc_hoverbox image=\u00bb902&#8243; primary_title=\u00bb\u00bb hover_title=\u00bb\u00bb]\u2022 6 zonas de detecci\u00f3n interconectadas.<br \/>\n\u2022\u00a0Pantalla LED.<br \/>\n\u2022\u00a0Sensibilidad ajustable: Cada zona tiene 256 niveles de sensibilidad.<br \/>\n\u2022\u00a0Control remoto.<br \/>\n\u2022\u00a0Alarma de sonido y LEDs para indicar la zona del metal detectado.<br \/>\n\u2022\u00a0Conteo autom\u00e1tico de personas y alarmas.<br \/>\n\u2022\u00a0Intensidad de alarma mostrada en el panel.<br \/>\n\u2022\u00a0Contrase\u00f1a de programaci\u00f3n.<br \/>\n\u2022\u00a0Dise\u00f1ado con material de alta densidad anti-in\ufb02amable.<br \/>\n\u2022\u00a0Funci\u00f3n de autodiagn\u00f3stico al encenderse.<br \/>\n\u2022\u00a0Dise\u00f1o modular para f\u00e1cil mantenimiento y reemplazo.<br \/>\n\u2022\u00a0Bater\u00eda de respaldo con duraci\u00f3n de 4-8 horas (opcional).<br \/>\n\u2022\u00a0Inofensivo para el cuerpo humano.[\/vc_hoverbox][vc_empty_space height=\u00bb40&#8243;][\/vc_column][vc_column width=\u00bb1\/3&#8243;][vc_column_text]<\/p>\n<h3 style=\"text-align: center;\">Arco Detector de Metales 18 Zonas<\/h3>\n<p>[\/vc_column_text][vc_hoverbox image=\u00bb903&#8243; primary_title=\u00bb\u00bb hover_title=\u00bb\u00bb]\u2022\u00a018 zonas de detecci\u00f3n interconectadas.<br \/>\n\u2022\u00a0Pantalla LCD 3.7\u201d.<br \/>\n\u2022\u00a0Sensibilidad ajustable: Cada zona tiene 256 niveles de sensibilidad.<br \/>\n\u2022\u00a0Alarma de sonido y LEDs para indicar la zona del metal detectado.<br \/>\n\u2022\u00a0Conteo autom\u00e1tico de personas y alarmas.<br \/>\n\u2022\u00a0Intensidad de alarma mostrada en el panel.<br \/>\n\u2022\u00a0Contrase\u00f1a de programaci\u00f3n.<br \/>\n\u2022\u00a0Dise\u00f1ado con material de alta densidad anti-in\ufb02amable.<br \/>\n\u2022\u00a0Funci\u00f3n de autodiagn\u00f3stico al encenderse.<br \/>\n\u2022\u00a0Dise\u00f1o modular para f\u00e1cil mantenimiento y reemplazo.<br \/>\n\u2022\u00a0Bater\u00eda de respaldo con duraci\u00f3n de 4-8 horas (opcional).<br \/>\n\u2022\u00a0Inofensivo para el cuerpo humano.[\/vc_hoverbox][vc_empty_space height=\u00bb40&#8243;][\/vc_column][vc_column width=\u00bb1\/3&#8243;][vc_column_text]<\/p>\n<h3 style=\"text-align: center;\">Arco Detector de Metales 33 Zonas<\/h3>\n<p>[\/vc_column_text][vc_hoverbox image=\u00bb905&#8243; primary_title=\u00bb\u00bb hover_title=\u00bb\u00bb]\u202233 zonas de detecci\u00f3n interconectadas en diferentes \u00e1reas y alarma simult\u00e1nea de m\u00faltiples zonas.<\/p>\n<p>\u2022\u00a0Pantalla HD de 7\u201d.<\/p>\n<p>\u2022\u00a0Control remoto.<\/p>\n<p>\u2022\u00a0Sensibilidad ajustable.<\/p>\n<p>\u2022\u00a0Sencilla instalaci\u00f3n y operaci\u00f3n.<\/p>\n<p>\u2022\u00a0F\u00e1cil instalaci\u00f3n.<\/p>\n<p>\u2022\u00a0Excelente estabilidad y capacidad anti-interferencia.<\/p>\n<p>\u2022\u00a0Cada zona tiene 300 niveles de sensibilidad.<\/p>\n<p>\u2022\u00a0Soporta varios idiomas para personalizaci\u00f3n.<\/p>\n<p>\u2022\u00a0Gran precisi\u00f3n y velocidad de veri\ufb01caci\u00f3n.<\/p>\n<p>\u2022\u00a0Bater\u00eda de respaldo.<\/p>\n<p>\u2022\u00a0Inofensivo para el cuerpo humano.[\/vc_hoverbox][vc_empty_space height=\u00bb40&#8243;][\/vc_column][\/vc_row][vc_row css_animation=\u00bb\u00bb row_type=\u00bbrow\u00bb use_row_as_full_screen_section=\u00bbno\u00bb type=\u00bbfull_width\u00bb angled_section=\u00bbno\u00bb text_align=\u00bbcenter\u00bb background_image_as_pattern=\u00bbwithout_pattern\u00bb css=\u00bb.vc_custom_1532638631722{margin-top: 20px !important;background-color: #f3f2f2 !important;}\u00bb z_index=\u00bb6&#8243;][vc_column][vc_row_inner row_type=\u00bbrow\u00bb type=\u00bbgrid\u00bb text_align=\u00bbcenter\u00bb css_animation=\u00bb\u00bb css=\u00bb.vc_custom_1523542835276{padding-bottom: 30px !important;}\u00bb][vc_column_inner][qode_elements_holder number_of_columns=\u00bbone_column\u00bb][qode_elements_holder_item item_padding=\u00bb70px 10% 77px 10%\u00bb advanced_animations=\u00bbno\u00bb item_padding_600_768=\u00bb200px 8% 100px 8%\u00bb][vc_column_text]<\/p>\n<h2 style=\"text-align: center;\">\u00bfAlguna consulta?<\/h2>\n<p>[\/vc_column_text][vc_empty_space][vc_column_text]<\/p>\n<h4>Deja tus datos y uno de nuestros ejecutivos te contactar\u00e1.<\/h4>\n<p>[\/vc_column_text][vc_empty_space height=\u00bb60px\u00bb][vc_raw_html]JTNDc2NyaXB0JTIwaWQlM0QlMjJieDI0X2Zvcm1faW5saW5lJTIyJTIwZGF0YS1za2lwLW1vdmluZyUzRCUyMnRydWUlMjIlM0UlMEElMjAlMjAlMjAlMjAlMjAlMjAlMjAlMjAlMjhmdW5jdGlvbiUyOHclMkNkJTJDdSUyQ2IlMjklN0J3JTVCJTI3Qml0cml4MjRGb3JtT2JqZWN0JTI3JTVEJTNEYiUzQnclNUJiJTVEJTIwJTNEJTIwdyU1QmIlNUQlMjAlN0MlN0MlMjBmdW5jdGlvbiUyOCUyOSU3QmFyZ3VtZW50cyU1QjAlNUQucmVmJTNEdSUzQiUwQSUyMCUyMCUyMCUyMCUyMCUyMCUyMCUyMCUyMCUyMCUyMCUyMCUyMCUyMCUyMCUyMCUyOHclNUJiJTVELmZvcm1zJTNEdyU1QmIlNUQuZm9ybXMlN0MlN0MlNUIlNUQlMjkucHVzaCUyOGFyZ3VtZW50cyU1QjAlNUQlMjklN0QlM0IlMEElMjAlMjAlMjAlMjAlMjAlMjAlMjAlMjAlMjAlMjAlMjAlMjAlMjAlMjAlMjAlMjBpZiUyOHclNUJiJTVEJTVCJTI3Zm9ybXMlMjclNUQlMjklMjByZXR1cm4lM0IlMEElMjAlMjAlMjAlMjAlMjAlMjAlMjAlMjAlMjAlMjAlMjAlMjAlMjAlMjAlMjAlMjB2YXIlMjBzJTNEZC5jcmVhdGVFbGVtZW50JTI4JTI3c2NyaXB0JTI3JTI5JTNCcy5hc3luYyUzRDElM0JzLnNyYyUzRHUlMkIlMjclM0YlMjclMkIlMjgxJTJBbmV3JTIwRGF0ZSUyOCUyOSUyOSUzQiUwQSUyMCUyMCUyMCUyMCUyMCUyMCUyMCUyMCUyMCUyMCUyMCUyMCUyMCUyMCUyMCUyMHZhciUyMGglM0RkLmdldEVsZW1lbnRzQnlUYWdOYW1lJTI4JTI3c2NyaXB0JTI3JTI5JTVCMCU1RCUzQmgucGFyZW50Tm9kZS5pbnNlcnRCZWZvcmUlMjhzJTJDaCUyOSUzQiUwQSUyMCUyMCUyMCUyMCUyMCUyMCUyMCUyMCU3RCUyOSUyOHdpbmRvdyUyQ2RvY3VtZW50JTJDJTI3aHR0cHMlM0ElMkYlMkZzZWFzb25zZHIuYml0cml4MjQuZXMlMkZiaXRyaXglMkZqcyUyRmNybSUyRmZvcm1fbG9hZGVyLmpzJTI3JTJDJTI3YjI0Zm9ybSUyNyUyOSUzQiUwQSUwQSUyMCUyMCUyMCUyMCUyMCUyMCUyMCUyMGIyNGZvcm0lMjglN0IlMjJpZCUyMiUzQSUyMjE1JTIyJTJDJTIybGFuZyUyMiUzQSUyMmxhJTIyJTJDJTIyc2VjJTIyJTNBJTIyNXNidnB6JTIyJTJDJTIydHlwZSUyMiUzQSUyMmlubGluZSUyMiU3RCUyOSUzQiUwQSUzQyUyRnNjcmlwdCUzRSUyMCUyMA==[\/vc_raw_html][\/qode_elements_holder_item][\/qode_elements_holder][\/vc_column_inner][\/vc_row_inner][\/vc_column][\/vc_row]<\/p>\n<\/div>","protected":false},"excerpt":{"rendered":"<p>[vc_row css_animation=\u00bb\u00bb row_type=\u00bbrow\u00bb use_row_as_full_screen_section=\u00bbno\u00bb type=\u00bbgrid\u00bb angled_section=\u00bbno\u00bb text_align=\u00bbcenter\u00bb background_image_as_pattern=\u00bbwithout_pattern\u00bb z_index=\u00bb\u00bb][vc_column][qode_button_v2 target=\u00bb_blank\u00bb icon_pack=\u00bbfont_elegant\u00bb fe_icon=\u00bbarrow_carrot-right\u00bb hover_effect=\u00bbshadow_enhance\u00bb gradient=\u00bbno\u00bb text=\u00bbConoce Nuestras Ofertas\u00bb link=\u00bbhttps:\/\/www.coandominicana.com\/ofertas\/\u00bb color=\u00bb#ffffff\u00bb background_color=\u00bb#9bbf41&#8243; hover_background_color=\u00bb#9bbf41&#8243; icon_border_color=\u00bb#ffffff\u00bb font_size=\u00bb18&#8243;][\/vc_column][\/vc_row][vc_row css_animation=\u00bb\u00bb row_type=\u00bbrow\u00bb use_row_as_full_screen_section=\u00bbno\u00bb type=\u00bbgrid\u00bb angled_section=\u00bbno\u00bb text_align=\u00bbleft\u00bb background_image_as_pattern=\u00bbwithout_pattern\u00bb css=\u00bb.vc_custom_1532462067196{padding-top: 40px !important;padding-bottom: 20px !important;}\u00bb z_index=\u00bb\u00bb][vc_column width=\u00bb1\/3&#8243; css=\u00bb.vc_custom_1532384547906{padding-right: 5% !important;padding-left: 5% !important;}\u00bb][vc_column_text] Arco Detector de Metales 6 Zonas [\/vc_column_text][vc_hoverbox image=\u00bb902&#8243; primary_title=\u00bb\u00bb hover_title=\u00bb\u00bb]\u2022 6 zonas de [&hellip;]<\/p>\n","protected":false},"author":1,"featured_media":0,"parent":0,"menu_order":0,"comment_status":"closed","ping_status":"closed","template":"full_width.php","meta":{"footnotes":""},"class_list":["post-899","page","type-page","status-publish","hentry"],"_links":{"self":[{"href":"https:\/\/coan.devtop.online\/index.php\/wp-json\/wp\/v2\/pages\/899","targetHints":{"allow":["GET"]}}],"collection":[{"href":"https:\/\/coan.devtop.online\/index.php\/wp-json\/wp\/v2\/pages"}],"about":[{"href":"https:\/\/coan.devtop.online\/index.php\/wp-json\/wp\/v2\/types\/page"}],"author":[{"embeddable":true,"href":"https:\/\/coan.devtop.online\/index.php\/wp-json\/wp\/v2\/users\/1"}],"replies":[{"embeddable":true,"href":"https:\/\/coan.devtop.online\/index.php\/wp-json\/wp\/v2\/comments?post=899"}],"version-history":[{"count":0,"href":"https:\/\/coan.devtop.online\/index.php\/wp-json\/wp\/v2\/pages\/899\/revisions"}],"wp:attachment":[{"href":"https:\/\/coan.devtop.online\/index.php\/wp-json\/wp\/v2\/media?parent=899"}],"curies":[{"name":"wp","href":"https:\/\/api.w.org\/{rel}","templated":true}]}}