{"id":7,"date":"2018-04-10T08:46:19","date_gmt":"2018-04-10T08:46:19","guid":{"rendered":"http:\/\/bridge218.qodeinteractive.com\/?page_id=5"},"modified":"2018-04-10T08:46:19","modified_gmt":"2018-04-10T08:46:19","slug":"home","status":"publish","type":"page","link":"https:\/\/coan.devtop.online\/index.php\/home\/","title":{"rendered":"Home"},"content":{"rendered":"<div class=\"wpb-content-wrapper\"><p>[vc_row css_animation=\u00bb\u00bb row_type=\u00bbrow\u00bb use_row_as_full_screen_section=\u00bbno\u00bb type=\u00bbfull_width\u00bb angled_section=\u00bbno\u00bb text_align=\u00bbleft\u00bb background_image_as_pattern=\u00bbwithout_pattern\u00bb][vc_column offset=\u00bbvc_hidden-md vc_hidden-sm vc_hidden-xs\u00bb][rev_slider_vc alias=\u00bbprincipal\u00bb][\/vc_column][\/vc_row][vc_row css_animation=\u00bb\u00bb row_type=\u00bbrow\u00bb use_row_as_full_screen_section=\u00bbno\u00bb type=\u00bbgrid\u00bb angled_section=\u00bbno\u00bb text_align=\u00bbleft\u00bb background_image_as_pattern=\u00bbwithout_pattern\u00bb z_index=\u00bb\u00bb el_id=\u00bbsoluciones\u00bb][vc_column css=\u00bb.vc_custom_1532560048350{margin-top: -180px !important;}\u00bb offset=\u00bbvc_hidden-md vc_hidden-sm vc_hidden-xs\u00bb][vc_single_image image=\u00bb992&#8243; img_size=\u00bbfull\u00bb qode_css_animation=\u00bb\u00bb][\/vc_column][\/vc_row][vc_row css_animation=\u00bb\u00bb row_type=\u00bbrow\u00bb use_row_as_full_screen_section=\u00bbno\u00bb type=\u00bbfull_width\u00bb angled_section=\u00bbno\u00bb text_align=\u00bbleft\u00bb background_image_as_pattern=\u00bbwithout_pattern\u00bb z_index=\u00bb\u00bb css=\u00bb.vc_custom_1532560812079{padding-right: 3% !important;padding-left: 3% !important;}\u00bb][vc_column offset=\u00bbvc_hidden-lg\u00bb][vc_empty_space height=\u00bb40px\u00bb][vc_column_text]<\/p>\n<h1><span style=\"color: #000000;\">Hacemos de tu mundo un lugar m\u00e1s seguro<\/span><\/h1>\n<p>[\/vc_column_text][vc_empty_space height=\u00bb50px\u00bb][\/vc_column][\/vc_row][vc_row css_animation=\u00bb\u00bb row_type=\u00bbrow\u00bb use_row_as_full_screen_section=\u00bbno\u00bb type=\u00bbfull_width\u00bb angled_section=\u00bbno\u00bb text_align=\u00bbleft\u00bb background_image_as_pattern=\u00bbwithout_pattern\u00bb z_index=\u00bb\u00bb][vc_column offset=\u00bbvc_hidden-lg\u00bb][vc_single_image image=\u00bb993&#8243; img_size=\u00bbfull\u00bb qode_css_animation=\u00bb\u00bb][\/vc_column][\/vc_row][vc_row css_animation=\u00bb\u00bb row_type=\u00bbrow\u00bb use_row_as_full_screen_section=\u00bbno\u00bb type=\u00bbgrid\u00bb anchor=\u00bbsoluciones\u00bb angled_section=\u00bbno\u00bb text_align=\u00bbleft\u00bb background_image_as_pattern=\u00bbwithout_pattern\u00bb z_index=\u00bb\u00bb css=\u00bb.vc_custom_1532800012904{padding-top: 64px !important;}\u00bb el_id=\u00bbsolution\u00bb][vc_column offset=\u00bbvc_col-lg-6 vc_col-md-6 vc_col-sm-offset-0 vc_col-xs-12&#8243;][image_with_text_over icon_size=\u00bbfa-lg\u00bb image=\u00bb813&#8243; title=\u00bbNegocio\u00bb]<\/p>\n<h3 style=\"text-align: center;\"><span style=\"color: #ffffff;\"><a style=\"color: #ffffff;\" href=\"https:\/\/www.coandominicana.com\/negocio\/\" target=\"_blank\" rel=\"noopener\"><strong>M\u00e1s informaci\u00f3n<\/strong><\/a><\/span><\/h3>\n<p>[\/image_with_text_over][\/vc_column][vc_column offset=\u00bbvc_col-lg-offset-0 vc_col-lg-6 vc_col-md-offset-0 vc_col-md-6 vc_col-sm-offset-0 vc_col-xs-12&#8243;][image_with_text_over icon_size=\u00bbfa-lg\u00bb image=\u00bb814&#8243; title=\u00bbHogar\u00bb]<\/p>\n<h3 style=\"text-align: center;\"><span style=\"color: #ffffff;\"><a style=\"color: #ffffff;\" href=\"https:\/\/www.coandominicana.com\/hogar\/\" target=\"_blank\" rel=\"noopener\"><strong>M\u00e1s informaci\u00f3n<\/strong><\/a><\/span><\/h3>\n<p>[\/image_with_text_over][\/vc_column][\/vc_row][vc_row css_animation=\u00bb\u00bb row_type=\u00bbrow\u00bb use_row_as_full_screen_section=\u00bbno\u00bb type=\u00bbgrid\u00bb anchor=\u00bbnosotros\u00bb angled_section=\u00bbno\u00bb text_align=\u00bbleft\u00bb background_image_as_pattern=\u00bbwithout_pattern\u00bb row_negative_margin=\u00bbdisable_negative_margin\u00bb css=\u00bb.vc_custom_1532643731376{margin-left: 0px !important;padding-top: 20px !important;}\u00bb z_index=\u00bb\u00bb][vc_column][vc_empty_space height=\u00bb50px\u00bb][vc_column_text]<\/p>\n<h2 style=\"text-align: center;\">\u00bfQui\u00e9nes somos?<\/h2>\n<p>[\/vc_column_text][vc_empty_space height=\u00bb30px\u00bb][vc_row_inner row_type=\u00bbrow\u00bb type=\u00bbfull_width\u00bb text_align=\u00bbleft\u00bb css_animation=\u00bb\u00bb css=\u00bb.vc_custom_1532623378990{padding-top: 50px !important;padding-bottom: 50px !important;}\u00bb][vc_column_inner width=\u00bb1\/2&#8243;][vc_single_image image=\u00bb810&#8243; img_size=\u00bbfull\u00bb alignment=\u00bbcenter\u00bb qode_css_animation=\u00bb\u00bb][vc_empty_space height=\u00bb15px\u00bb][vc_column_text]<\/p>\n<p style=\"text-align: justify;\">COAN DOMINICANA SRL, es una empresa creada en el a\u00f1o 2013, dedicada a la venta y distribuci\u00f3n de todo tipo de sistemas de seguridad electr\u00f3nica. COAN DOMINICANA cuenta con un equipo de t\u00e9cnicos e integradores especializados en el \u00e1rea de seguridad lo cual garantiza una asesoria eficaz y una eventual instalaci\u00f3n \/ gesti\u00f3n t\u00e9cnica de calidad.<\/p>\n<p>[\/vc_column_text][vc_empty_space height=\u00bb30px\u00bb][vc_column_text]<\/p>\n<h4><span style=\"color: #000000;\"><strong>Misi\u00f3n<\/strong><\/span><\/h4>\n<p>Nuestra misi\u00f3n es brindar una asesoria integral a nuestros clientes, presentar los productos de mayor\u00a0 calidad en el mercado y brindar una labor t\u00e9cnica impecable que cuente con altos est\u00e1dares de calidad y\u00a0 con un criterio profesional bien definido.<\/p>\n<p>[\/vc_column_text][\/vc_column_inner][vc_column_inner width=\u00bb1\/2&#8243;][vc_empty_space height=\u00bb30px\u00bb][vc_column_text]Dentro de su estructura COAN DOMINICANA contiene dos divisiones comerciales: Hogar \/ Negocio &amp; Empresas,\u00a0 ambas divisiones tiene como objetivo principal desarrollar los proyectos en materia de seguridad de principio a fin, presentan al cliente soluciones integrales y ajustadas al presupuesto del proyecto.<\/p>\n<h4><span style=\"color: #000000;\"><strong>Contamos con una amplia gama de productos:<\/strong><\/span><\/h4>\n<p>-Sistema de video vigilancia (CCTV)<br \/>\n-Controles de acceso y automatizaciones<br \/>\n-Sistemas de alarmas<br \/>\n-Sistemas de intercom<br \/>\n-Acceso vehicular (motores el\u00e9ctricos \/ barreras de paso)<br \/>\n-Cercos el\u00e9ctricos<br \/>\n-Redes<br \/>\n-Soluciones en radiocomunicaciones y telecomunicaciones<br \/>\n-Sistema de Localizaci\u00f3n Satelital (vehicular y personal) GPS[\/vc_column_text][vc_empty_space height=\u00bb40px\u00bb][vc_column_text]<\/p>\n<h4><span style=\"color: #000000;\"><strong>Visi\u00f3n<\/strong><\/span><\/h4>\n<p>Nuestra visi\u00f3n es posicionarnos como la empresa #1 en materia de desarrollo de proyectos en el \u00e1rea de\u00a0seguridad electr\u00f3nica, es parte de nuestra visi\u00f3n tambi\u00e9n poder difundir en el mercado nuestro alto grado\u00a0 de compromiso con la calidad y la excelencia.<\/p>\n<p>[\/vc_column_text][\/vc_column_inner][\/vc_row_inner][\/vc_column][\/vc_row][vc_row css_animation=\u00bb\u00bb row_type=\u00bbrow\u00bb use_row_as_full_screen_section=\u00bbno\u00bb type=\u00bbgrid\u00bb angled_section=\u00bbno\u00bb text_align=\u00bbcenter\u00bb background_image_as_pattern=\u00bbwithout_pattern\u00bb background_color=\u00bb#ffffff\u00bb z_index=\u00bb\u00bb css=\u00bb.vc_custom_1542724968878{padding-top: 70px !important;background-color: #f3f2f2 !important;}\u00bb][vc_column width=\u00bb2\/3&#8243;][vc_column_text]<\/p>\n<h2 style=\"text-align: left;\"><span style=\"color: #333333;\">Soluciones Tecnol\u00f3gicas en Seguridad de Primera Calidad<\/span><\/h2>\n<p>[\/vc_column_text][\/vc_column][vc_column width=\u00bb1\/3&#8243;][vc_empty_space height=\u00bb30px\u00bb][button size=\u00bbbig_large\u00bb target=\u00bb_blank\u00bb hover_type=\u00bbdefault\u00bb text_align=\u00bbleft\u00bb text=\u00bbHazte Partner\u00bb link=\u00bbhttp:\/\/www.coandominicana.com\/hazte-partner\/\u00bb background_color=\u00bb#9bbf41&#8243; hover_background_color=\u00bb#707070&#8243; border_color=\u00bb#9bbf41&#8243; hover_border_color=\u00bb#707070&#8243; margin=\u00bb0 0 0 0&#8243; border_radius=\u00bb10&#8243;][\/vc_column][\/vc_row][vc_row css_animation=\u00bb\u00bb row_type=\u00bbrow\u00bb use_row_as_full_screen_section=\u00bbno\u00bb type=\u00bbgrid\u00bb angled_section=\u00bbno\u00bb text_align=\u00bbcenter\u00bb background_image_as_pattern=\u00bbwithout_pattern\u00bb css=\u00bb.vc_custom_1542307695041{padding-top: 70px !important;padding-bottom: 70px !important;background-color: #f3f2f2 !important;}\u00bb z_index=\u00bb\u00bb][vc_column width=\u00bb1\/2&#8243;][vc_empty_space height=\u00bb30px\u00bb][vc_video link=\u00bbhttps:\/\/www.youtube.com\/watch?v=8wXLyJFc4bo\u00bb align=\u00bbcenter\u00bb][\/vc_column][vc_column width=\u00bb1\/2&#8243;][vc_empty_space height=\u00bb30px\u00bb][vc_video link=\u00bbhttps:\/\/www.youtube.com\/watch?v=HktQVHNvG3s&amp;t=55s\u00bb align=\u00bbcenter\u00bb][\/vc_column][\/vc_row][vc_row css_animation=\u00bb\u00bb row_type=\u00bbrow\u00bb use_row_as_full_screen_section=\u00bbno\u00bb type=\u00bbfull_width\u00bb angled_section=\u00bbno\u00bb text_align=\u00bbcenter\u00bb background_image_as_pattern=\u00bbwithout_pattern\u00bb background_color=\u00bb#ffffff\u00bb z_index=\u00bb\u00bb css=\u00bb.vc_custom_1542724981793{padding-top: 110px !important;padding-bottom: 110px !important;background-color: #9bbf41 !important;}\u00bb el_id=\u00bbproductos\u00bb][vc_column][vc_column_text]<\/p>\n<h2 style=\"text-align: center;\"><span style=\"color: #ffffff;\"><strong>PRODUCTOS<\/strong><\/span><\/h2>\n<p>[\/vc_column_text][\/vc_column][\/vc_row][vc_row css_animation=\u00bb\u00bb row_type=\u00bbrow\u00bb use_row_as_full_screen_section=\u00bbno\u00bb type=\u00bbgrid\u00bb angled_section=\u00bbno\u00bb text_align=\u00bbleft\u00bb background_image_as_pattern=\u00bbwithout_pattern\u00bb z_index=\u00bb\u00bb css=\u00bb.vc_custom_1542306168353{padding-top: 60px !important;padding-bottom: 20px !important;}\u00bb][vc_column width=\u00bb1\/3&#8243;][vc_column_text]<\/p>\n<h3 style=\"text-align: center;\"><a href=\"https:\/\/www.coandominicana.com\/sistemas-de-camaras\/\" target=\"_blank\" rel=\"noopener\"><strong>C\u00e1maras de Seguridad<\/strong><\/a><\/h3>\n<p>[\/vc_column_text][vc_single_image image=\u00bb857&#8243; img_size=\u00bbfull\u00bb onclick=\u00bbcustom_link\u00bb qode_css_animation=\u00bbelement_from_top\u00bb transition_delay=\u00bb0.5&#8243; qode_hover_animation=\u00bbzoom_in\u00bb link=\u00bbhttps:\/\/www.coandominicana.com\/sistemas-de-camaras\/\u00bb][\/vc_column][vc_column width=\u00bb1\/3&#8243;][vc_column_text]<\/p>\n<h3 style=\"text-align: center;\"><a href=\"https:\/\/www.coandominicana.com\/control-de-acceso\/\" target=\"_blank\" rel=\"noopener\"><strong>Control de Acceso<\/strong><\/a><\/h3>\n<p>[\/vc_column_text][vc_single_image image=\u00bb952&#8243; img_size=\u00bbfull\u00bb onclick=\u00bbcustom_link\u00bb qode_css_animation=\u00bbelement_from_top\u00bb transition_delay=\u00bb0.5&#8243; qode_hover_animation=\u00bbzoom_in\u00bb link=\u00bbhttps:\/\/www.coandominicana.com\/control-de-acceso\/\u00bb][\/vc_column][vc_column width=\u00bb1\/3&#8243;][vc_column_text]<\/p>\n<h3 style=\"text-align: center;\"><a href=\"https:\/\/www.coandominicana.com\/sistema-de-alarma\/\" target=\"_blank\" rel=\"noopener\"><strong>Sistema de Alarma<\/strong><\/a><\/h3>\n<p>[\/vc_column_text][vc_single_image image=\u00bb882&#8243; img_size=\u00bbfull\u00bb onclick=\u00bbcustom_link\u00bb qode_css_animation=\u00bbelement_from_top\u00bb transition_delay=\u00bb0.5&#8243; qode_hover_animation=\u00bbzoom_in\u00bb link=\u00bbhttps:\/\/www.coandominicana.com\/sistema-de-alarma\/\u00bb][\/vc_column][\/vc_row][vc_row css_animation=\u00bb\u00bb row_type=\u00bbrow\u00bb use_row_as_full_screen_section=\u00bbno\u00bb type=\u00bbgrid\u00bb angled_section=\u00bbno\u00bb text_align=\u00bbleft\u00bb background_image_as_pattern=\u00bbwithout_pattern\u00bb z_index=\u00bb\u00bb css=\u00bb.vc_custom_1542306102191{padding-top: 20px !important;padding-bottom: 20px !important;}\u00bb][vc_column width=\u00bb1\/3&#8243;][vc_column_text]<\/p>\n<h3 style=\"text-align: center;\"><a href=\"https:\/\/www.coandominicana.com\/control-de-asistencia\/\" target=\"_blank\" rel=\"noopener\"><strong>Control de Asistencia<\/strong><\/a><\/h3>\n<p>[\/vc_column_text][vc_single_image image=\u00bb915&#8243; img_size=\u00bbfull\u00bb onclick=\u00bbcustom_link\u00bb qode_css_animation=\u00bbelement_from_top\u00bb transition_delay=\u00bb0.5&#8243; qode_hover_animation=\u00bbzoom_in\u00bb link=\u00bbhttps:\/\/www.coandominicana.com\/control-de-asistencia\/\u00bb][\/vc_column][vc_column width=\u00bb1\/3&#8243;][vc_column_text]<\/p>\n<h3 style=\"text-align: center;\"><a href=\"https:\/\/www.coandominicana.com\/cerraduras-electricas\/\" target=\"_blank\" rel=\"noopener\"><strong>Cerraduras El\u00e9ctricas<\/strong><\/a><\/h3>\n<p>[\/vc_column_text][vc_single_image image=\u00bb874&#8243; img_size=\u00bbfull\u00bb onclick=\u00bbcustom_link\u00bb qode_css_animation=\u00bbelement_from_top\u00bb transition_delay=\u00bb0.5&#8243; qode_hover_animation=\u00bbzoom_in\u00bb link=\u00bbhttps:\/\/www.coandominicana.com\/cerraduras-electricas\/\u00bb][\/vc_column][vc_column width=\u00bb1\/3&#8243;][vc_column_text]<\/p>\n<h3 style=\"text-align: center;\"><a href=\"https:\/\/www.coandominicana.com\/centrales-telefonicas\/\" target=\"_blank\" rel=\"noopener\">Centrales Telef\u00f3nicas<\/a><\/h3>\n<p>[\/vc_column_text][vc_single_image image=\u00bb977&#8243; img_size=\u00bbfull\u00bb onclick=\u00bbcustom_link\u00bb qode_css_animation=\u00bbelement_from_top\u00bb transition_delay=\u00bb0.5&#8243; qode_hover_animation=\u00bbzoom_in\u00bb link=\u00bbhttps:\/\/www.coandominicana.com\/centrales-telefonicas\/\u00bb][\/vc_column][\/vc_row][vc_row css_animation=\u00bb\u00bb row_type=\u00bbrow\u00bb use_row_as_full_screen_section=\u00bbno\u00bb type=\u00bbgrid\u00bb angled_section=\u00bbno\u00bb text_align=\u00bbleft\u00bb background_image_as_pattern=\u00bbwithout_pattern\u00bb z_index=\u00bb\u00bb css=\u00bb.vc_custom_1542306087897{padding-top: 20px !important;padding-bottom: 20px !important;}\u00bb][vc_column width=\u00bb1\/4&#8243;][vc_column_text]<\/p>\n<h3 style=\"text-align: center;\"><a href=\"https:\/\/www.coandominicana.com\/sistema-de-intercom\/\" target=\"_blank\" rel=\"noopener\"><strong>Sistemas Intercom<\/strong><\/a><\/h3>\n<p>[\/vc_column_text][vc_single_image image=\u00bb928&#8243; img_size=\u00bbfull\u00bb onclick=\u00bbcustom_link\u00bb qode_css_animation=\u00bbelement_from_top\u00bb transition_delay=\u00bb0.5&#8243; qode_hover_animation=\u00bbzoom_in\u00bb link=\u00bbhttps:\/\/www.coandominicana.com\/sistema-de-intercom\/\u00bb][\/vc_column][vc_column width=\u00bb1\/4&#8243;][vc_column_text]<\/p>\n<h3 style=\"text-align: center;\"><a href=\"https:\/\/www.coandominicana.com\/detectores-de-metal\/\" target=\"_blank\" rel=\"noopener\"><strong>Detector de Metal<\/strong><\/a><\/h3>\n<p>[\/vc_column_text][vc_single_image image=\u00bb903&#8243; img_size=\u00bbfull\u00bb onclick=\u00bbcustom_link\u00bb qode_css_animation=\u00bbelement_from_top\u00bb transition_delay=\u00bb0.5&#8243; qode_hover_animation=\u00bbzoom_in\u00bb link=\u00bbhttps:\/\/www.coandominicana.com\/detectores-de-metal\/\u00bb][\/vc_column][vc_column width=\u00bb1\/4&#8243;][vc_column_text]<\/p>\n<h3 style=\"text-align: center;\"><a href=\"https:\/\/www.coandominicana.com\/motores-electricos-y-automatizacion\/\"><strong>Motores El\u00e9ctricos <\/strong><\/a><\/h3>\n<p>[\/vc_column_text][vc_single_image image=\u00bb943&#8243; img_size=\u00bbfull\u00bb onclick=\u00bbcustom_link\u00bb qode_css_animation=\u00bbelement_from_top\u00bb transition_delay=\u00bb0.5&#8243; qode_hover_animation=\u00bbzoom_in\u00bb link=\u00bbhttps:\/\/www.coandominicana.com\/motores-electricos-y-automatizacion\/\u00bb][\/vc_column][vc_column width=\u00bb1\/4&#8243;][vc_column_text]<\/p>\n<h3 style=\"text-align: center;\"><a href=\"https:\/\/www.coandominicana.com\/torniquetes\/\" target=\"_blank\" rel=\"noopener\"><strong>Torniquetes\u00a0<\/strong><\/a><\/h3>\n<p>[\/vc_column_text][vc_single_image image=\u00bb892&#8243; img_size=\u00bbfull\u00bb onclick=\u00bbcustom_link\u00bb qode_css_animation=\u00bbelement_from_top\u00bb transition_delay=\u00bb0.5&#8243; qode_hover_animation=\u00bbzoom_in\u00bb link=\u00bbhttps:\/\/www.coandominicana.com\/torniquetes\/\u00bb][vc_empty_space height=\u00bb40px\u00bb][\/vc_column][\/vc_row][vc_row css_animation=\u00bb\u00bb row_type=\u00bbrow\u00bb use_row_as_full_screen_section=\u00bbno\u00bb type=\u00bbfull_width\u00bb angled_section=\u00bbno\u00bb text_align=\u00bbcenter\u00bb background_image_as_pattern=\u00bbwithout_pattern\u00bb css=\u00bb.vc_custom_1532986629169{background-color: #f3f2f2 !important;background-position: center !important;background-repeat: no-repeat !important;background-size: contain !important;}\u00bb z_index=\u00bb6&#8243;][vc_column][vc_empty_space height=\u00bb40px\u00bb][vc_row_inner row_type=\u00bbrow\u00bb type=\u00bbgrid\u00bb text_align=\u00bbcenter\u00bb css_animation=\u00bb\u00bb css=\u00bb.vc_custom_1523615745726{padding-bottom: 38px !important;}\u00bb][vc_column_inner][qode_elements_holder number_of_columns=\u00bbone_column\u00bb][qode_elements_holder_item item_padding=\u00bb70px 17% 77px 17%\u00bb advanced_animations=\u00bbno\u00bb item_padding_600_768=\u00bb200px 8% 100px 8%\u00bb][vc_column_text]<\/p>\n<h2 style=\"text-align: center;\">Nuestras Marcas<\/h2>\n<p>[\/vc_column_text][\/qode_elements_holder_item][\/qode_elements_holder][qode_clients columns=\u00bbsix_columns\u00bb hover_effect=\u00bbswitch_img\u00bb switch_effect=\u00bbswitch_fade\u00bb disable_separators=\u00bbyes\u00bb][qode_client link_target=\u00bb_self\u00bb image=\u00bb596&#8243;][qode_client link_target=\u00bb_self\u00bb image=\u00bb599&#8243;][qode_client link_target=\u00bb_self\u00bb image=\u00bb601&#8243;][qode_client link_target=\u00bb_self\u00bb image=\u00bb604&#8243;][qode_client link_target=\u00bb_self\u00bb image=\u00bb606&#8243;][qode_client link_target=\u00bb_self\u00bb image=\u00bb608&#8243;][\/qode_clients][qode_clients columns=\u00bbsix_columns\u00bb hover_effect=\u00bbswitch_img\u00bb switch_effect=\u00bbswitch_fade\u00bb disable_separators=\u00bbyes\u00bb][qode_client link_target=\u00bb_self\u00bb image=\u00bb610&#8243;][qode_client link_target=\u00bb_self\u00bb image=\u00bb609&#8243;][qode_client link_target=\u00bb_self\u00bb image=\u00bb611&#8243;][qode_client link_target=\u00bb_self\u00bb image=\u00bb612&#8243;][qode_client link_target=\u00bb_self\u00bb image=\u00bb613&#8243;][qode_client link_target=\u00bb_self\u00bb image=\u00bb614&#8243;][\/qode_clients][\/vc_column_inner][\/vc_row_inner][vc_empty_space height=\u00bb80px\u00bb][\/vc_column][\/vc_row][vc_row css_animation=\u00bb\u00bb row_type=\u00bbrow\u00bb use_row_as_full_screen_section=\u00bbno\u00bb type=\u00bbgrid\u00bb angled_section=\u00bbno\u00bb text_align=\u00bbleft\u00bb background_image_as_pattern=\u00bbwithout_pattern\u00bb z_index=\u00bb\u00bb css=\u00bb.vc_custom_1532986700985{padding-top: 150px !important;padding-bottom: 150px !important;}\u00bb][vc_column][vc_row_inner row_type=\u00bbrow\u00bb type=\u00bbgrid\u00bb text_align=\u00bbcenter\u00bb css_animation=\u00bb\u00bb][vc_column_inner width=\u00bb1\/6&#8243;][\/vc_column_inner][vc_column_inner width=\u00bb1\/2&#8243;][vc_column_text]<\/p>\n<h2 style=\"text-align: center;\"><span style=\"color: #333333;\">\u00bfAlguna Consulta?<\/span><\/h2>\n<p>[\/vc_column_text][vc_empty_space height=\u00bb40px\u00bb][\/vc_column_inner][vc_column_inner width=\u00bb1\/6&#8243;][button size=\u00bbbig_large\u00bb target=\u00bb_blank\u00bb hover_type=\u00bbdefault\u00bb text_align=\u00bbcenter\u00bb text=\u00bbCont\u00e1ctenos\u00bb link=\u00bbhttp:\/\/www.coandominicana.com\/contacto\/\u00bb background_color=\u00bb#9bbf41&#8243; hover_background_color=\u00bb#707070&#8243; border_color=\u00bb#9bbf41&#8243; hover_border_color=\u00bb#707070&#8243;][vc_empty_space height=\u00bb40px\u00bb][\/vc_column_inner][vc_column_inner width=\u00bb1\/6&#8243;][\/vc_column_inner][\/vc_row_inner][\/vc_column][\/vc_row]<\/p>\n<\/div>","protected":false},"excerpt":{"rendered":"<p>[vc_row css_animation=\u00bb\u00bb row_type=\u00bbrow\u00bb use_row_as_full_screen_section=\u00bbno\u00bb type=\u00bbfull_width\u00bb angled_section=\u00bbno\u00bb text_align=\u00bbleft\u00bb background_image_as_pattern=\u00bbwithout_pattern\u00bb][vc_column offset=\u00bbvc_hidden-md vc_hidden-sm vc_hidden-xs\u00bb][rev_slider_vc alias=\u00bbprincipal\u00bb][\/vc_column][\/vc_row][vc_row css_animation=\u00bb\u00bb row_type=\u00bbrow\u00bb use_row_as_full_screen_section=\u00bbno\u00bb type=\u00bbgrid\u00bb angled_section=\u00bbno\u00bb text_align=\u00bbleft\u00bb background_image_as_pattern=\u00bbwithout_pattern\u00bb z_index=\u00bb\u00bb el_id=\u00bbsoluciones\u00bb][vc_column css=\u00bb.vc_custom_1532560048350{margin-top: -180px !important;}\u00bb offset=\u00bbvc_hidden-md vc_hidden-sm vc_hidden-xs\u00bb][vc_single_image image=\u00bb992&#8243; img_size=\u00bbfull\u00bb qode_css_animation=\u00bb\u00bb][\/vc_column][\/vc_row][vc_row css_animation=\u00bb\u00bb row_type=\u00bbrow\u00bb use_row_as_full_screen_section=\u00bbno\u00bb type=\u00bbfull_width\u00bb angled_section=\u00bbno\u00bb text_align=\u00bbleft\u00bb background_image_as_pattern=\u00bbwithout_pattern\u00bb z_index=\u00bb\u00bb css=\u00bb.vc_custom_1532560812079{padding-right: 3% !important;padding-left: 3% !important;}\u00bb][vc_column offset=\u00bbvc_hidden-lg\u00bb][vc_empty_space height=\u00bb40px\u00bb][vc_column_text] Hacemos de tu mundo un lugar m\u00e1s seguro [\/vc_column_text][vc_empty_space height=\u00bb50px\u00bb][\/vc_column][\/vc_row][vc_row [&hellip;]<\/p>\n","protected":false},"author":1,"featured_media":0,"parent":0,"menu_order":0,"comment_status":"closed","ping_status":"closed","template":"full_width.php","meta":{"footnotes":""},"class_list":["post-7","page","type-page","status-publish","hentry"],"_links":{"self":[{"href":"https:\/\/coan.devtop.online\/index.php\/wp-json\/wp\/v2\/pages\/7","targetHints":{"allow":["GET"]}}],"collection":[{"href":"https:\/\/coan.devtop.online\/index.php\/wp-json\/wp\/v2\/pages"}],"about":[{"href":"https:\/\/coan.devtop.online\/index.php\/wp-json\/wp\/v2\/types\/page"}],"author":[{"embeddable":true,"href":"https:\/\/coan.devtop.online\/index.php\/wp-json\/wp\/v2\/users\/1"}],"replies":[{"embeddable":true,"href":"https:\/\/coan.devtop.online\/index.php\/wp-json\/wp\/v2\/comments?post=7"}],"version-history":[{"count":0,"href":"https:\/\/coan.devtop.online\/index.php\/wp-json\/wp\/v2\/pages\/7\/revisions"}],"wp:attachment":[{"href":"https:\/\/coan.devtop.online\/index.php\/wp-json\/wp\/v2\/media?parent=7"}],"curies":[{"name":"wp","href":"https:\/\/api.w.org\/{rel}","templated":true}]}}