{"id":633,"date":"2018-07-26T22:18:30","date_gmt":"2018-07-26T22:18:30","guid":{"rendered":"http:\/\/www.coandominicana.com\/?page_id=633"},"modified":"2018-07-26T22:18:30","modified_gmt":"2018-07-26T22:18:30","slug":"hazte-partner","status":"publish","type":"page","link":"https:\/\/coan.devtop.online\/index.php\/hazte-partner\/","title":{"rendered":"Vamos a ser Socios"},"content":{"rendered":"<div class=\"wpb-content-wrapper\"><p>[vc_row css_animation=\u00bb\u00bb row_type=\u00bbrow\u00bb use_row_as_full_screen_section=\u00bbno\u00bb type=\u00bbgrid\u00bb angled_section=\u00bbno\u00bb text_align=\u00bbleft\u00bb background_image_as_pattern=\u00bbwithout_pattern\u00bb z_index=\u00bb\u00bb css=\u00bb.vc_custom_1523524573194{padding-bottom: 10px !important;}\u00bb][vc_column css=\u00bb.vc_custom_1532461566766{margin-top: -110px !important;}\u00bb offset=\u00bbvc_hidden-md vc_hidden-sm vc_hidden-xs\u00bb][vc_single_image image=\u00bb634&#8243; img_size=\u00bbfull\u00bb qode_css_animation=\u00bb\u00bb][\/vc_column][\/vc_row][vc_row css_animation=\u00bb\u00bb row_type=\u00bbrow\u00bb use_row_as_full_screen_section=\u00bbno\u00bb type=\u00bbgrid\u00bb angled_section=\u00bbno\u00bb text_align=\u00bbleft\u00bb background_image_as_pattern=\u00bbwithout_pattern\u00bb z_index=\u00bb\u00bb css=\u00bb.vc_custom_1532461575420{padding-top: 50px !important;padding-bottom: 10px !important;}\u00bb][vc_column css=\u00bb.vc_custom_1532461580758{margin-top: -110px !important;}\u00bb offset=\u00bbvc_hidden-lg\u00bb][vc_single_image image=\u00bb634&#8243; img_size=\u00bbfull\u00bb qode_css_animation=\u00bb\u00bb][\/vc_column][\/vc_row][vc_row css_animation=\u00bb\u00bb row_type=\u00bbrow\u00bb use_row_as_full_screen_section=\u00bbno\u00bb type=\u00bbgrid\u00bb angled_section=\u00bbno\u00bb text_align=\u00bbleft\u00bb background_image_as_pattern=\u00bbwithout_pattern\u00bb css=\u00bb.vc_custom_1532461355209{padding-top: 10px !important;padding-bottom: 60px !important;}\u00bb z_index=\u00bb\u00bb][vc_column css=\u00bb.vc_custom_1532384547906{padding-right: 5% !important;padding-left: 5% !important;}\u00bb][vc_column_text]<\/p>\n<h4 style=\"text-align: justify;\">Los mercados y el mundo de los negocios est\u00e1n en constante cambio y es por eso que nuestra intenci\u00f3n es ir diversific\u00e1ndonos en la forma en la cual hacemos negocios.<\/h4>\n<h4 style=\"text-align: justify;\">Nuestra modalidad de \u00a8Vamos a ser socios\u00a8, est\u00e1 dise\u00f1ado para que el Integrador o Instalador, contratista o para un gestor de proyectos, pueda apoyarse en nosotros para manejar cualquier tipo de proyecto que tenga en materia de redes, comunicaciones o sistemas de seguridad.<\/h4>\n<p>&nbsp;<\/p>\n<h3>Beneficios:<\/h3>\n<h4><\/h4>\n<p>[\/vc_column_text][vc_empty_space][vc_column_text]<\/p>\n<h4><strong>Reuni\u00f3n y Asesor\u00eda:<\/strong><\/h4>\n<h4>Nos encargamos de reunirnos con tu cliente asesorarlo, dise\u00f1arle el esquema de trabajo (tiempos y recursos a implementar, impacto que puede tener el proyecto en las diferentes \u00e1reas de su empresa),<\/h4>\n<h4><\/h4>\n<h4><strong>Realizamos \u00a8Pruebas de Concepto\u00a8 a tu cliente: <\/strong><\/h4>\n<h4>Lo que quiere decir que instalamos o implementamos el producto o servicio cono un Demo o Prueba por per\u00edodo de tiempo de <strong>1-15 d\u00edas SIN COSTO, NI COMPROMISO<\/strong>, de manera tal que tu cliente pueda probar el funcionamiento antes de una eventual compra.<\/h4>\n<h4><\/h4>\n<h4><strong>Dise\u00f1o, Instalaci\u00f3n y puesta en marcha:<\/strong><\/h4>\n<h4>No importa la magnitud del proyecto te damos el apoyo, lo financiamos y ejecutamos a todo costo.<\/h4>\n<h4><strong>Facilidades de Pago<\/strong><\/h4>\n<h4>Dependiendo el tipo de proyecto, les damos facilidades de pago a tu cliente con miras de que la implementaci\u00f3n del mismo pueda hacerse sin contratiempos y que el factor econ\u00f3mico no sea un impedimento.<\/h4>\n<h4><\/h4>\n<h4><strong>Beneficios Compartidos<\/strong><\/h4>\n<h4>Lo interesante de esta modalidad de negocios de <strong>\u00a8Vamos a ser Socios\u00a8<\/strong> es que los beneficios generados por la ejecuci\u00f3n del proyecto son compartidos de manera equitativa entre Usted y Nosotros.<\/h4>\n<p>[\/vc_column_text][vc_empty_space][vc_column_text]<\/p>\n<h4 style=\"text-align: center;\"><strong>Las condiciones est\u00e1n dadas para hacer negocios, solo esperamos por ti \u00a1Vis\u00edtanos!<\/strong><\/h4>\n<h4><\/h4>\n<p>[\/vc_column_text][\/vc_column][\/vc_row][vc_row css_animation=\u00bb\u00bb row_type=\u00bbrow\u00bb use_row_as_full_screen_section=\u00bbno\u00bb type=\u00bbgrid\u00bb angled_section=\u00bbno\u00bb text_align=\u00bbleft\u00bb background_image_as_pattern=\u00bbwithout_pattern\u00bb css=\u00bb.vc_custom_1532384474233{padding-top: 40px !important;padding-bottom: 60px !important;}\u00bb z_index=\u00bb\u00bb][vc_column width=\u00bb1\/6&#8243; css=\u00bb.vc_custom_1532384547906{padding-right: 5% !important;padding-left: 5% !important;}\u00bb][\/vc_column][vc_column width=\u00bb2\/3&#8243;][vc_row_inner row_type=\u00bbrow\u00bb type=\u00bbfull_width\u00bb text_align=\u00bbcenter\u00bb css_animation=\u00bb\u00bb][vc_column_inner width=\u00bb1\/2&#8243; offset=\u00bbvc_hidden-md vc_hidden-sm vc_hidden-xs\u00bb][button size=\u00bbmedium\u00bb target=\u00bb_self\u00bb hover_type=\u00bbdefault\u00bb text_align=\u00bbcenter\u00bb text=\u00bbSolicitar Levantamiento\u00bb background_color=\u00bb#606060&#8243; hover_background_color=\u00bb#9bbf41&#8243; border_color=\u00bb#606060&#8243; hover_border_color=\u00bb#9bbf41&#8243; link=\u00bbhttps:\/\/www.coandominicana.com\/solicitar-levantamiento\/\u00bb][\/vc_column_inner][vc_column_inner width=\u00bb1\/2&#8243;][button size=\u00bbmedium\u00bb target=\u00bb_self\u00bb hover_type=\u00bbdefault\u00bb text_align=\u00bbcenter\u00bb text=\u00bbConversemos\u00bb background_color=\u00bb#606060&#8243; hover_background_color=\u00bb#9bbf41&#8243; border_color=\u00bb#606060&#8243; hover_border_color=\u00bb#9bbf41&#8243; link=\u00bbhttps:\/\/www.coandominicana.com\/contacto\/\u00bb][\/vc_column_inner][\/vc_row_inner][vc_empty_space][\/vc_column][vc_column width=\u00bb1\/6&#8243;][\/vc_column][\/vc_row][vc_row css_animation=\u00bb\u00bb row_type=\u00bbrow\u00bb use_row_as_full_screen_section=\u00bbno\u00bb type=\u00bbfull_width\u00bb angled_section=\u00bbno\u00bb text_align=\u00bbcenter\u00bb background_image_as_pattern=\u00bbwithout_pattern\u00bb css=\u00bb.vc_custom_1532638591365{margin-top: 20px !important;background-color: #f3f2f2 !important;}\u00bb z_index=\u00bb6&#8243;][vc_column offset=\u00bbvc_hidden-lg vc_hidden-md vc_hidden-sm vc_hidden-xs\u00bb][vc_row_inner row_type=\u00bbrow\u00bb type=\u00bbgrid\u00bb text_align=\u00bbcenter\u00bb css_animation=\u00bb\u00bb css=\u00bb.vc_custom_1523542835276{padding-bottom: 30px !important;}\u00bb][vc_column_inner][qode_elements_holder number_of_columns=\u00bbone_column\u00bb][qode_elements_holder_item item_padding=\u00bb70px 10% 77px 10%\u00bb advanced_animations=\u00bbno\u00bb item_padding_600_768=\u00bb200px 8% 100px 8%\u00bb][vc_column_text]<\/p>\n<h2 style=\"text-align: center;\">\u00bfAlguna consulta?<\/h2>\n<p>[\/vc_column_text][vc_empty_space][vc_column_text]<\/p>\n<h4>Deja tus datos y uno de nuestros ejecutivos te contactar\u00e1.<\/h4>\n<p>[\/vc_column_text][vc_empty_space height=\u00bb60px\u00bb][contact-form-7 id=\u00bb469&#8243; html_class=\u00bbcf7_custom_style_3&#8243;][\/qode_elements_holder_item][\/qode_elements_holder][\/vc_column_inner][\/vc_row_inner][\/vc_column][\/vc_row]<\/p>\n<\/div>","protected":false},"excerpt":{"rendered":"<p>[vc_row css_animation=\u00bb\u00bb row_type=\u00bbrow\u00bb use_row_as_full_screen_section=\u00bbno\u00bb type=\u00bbgrid\u00bb angled_section=\u00bbno\u00bb text_align=\u00bbleft\u00bb background_image_as_pattern=\u00bbwithout_pattern\u00bb z_index=\u00bb\u00bb css=\u00bb.vc_custom_1523524573194{padding-bottom: 10px !important;}\u00bb][vc_column css=\u00bb.vc_custom_1532461566766{margin-top: -110px !important;}\u00bb offset=\u00bbvc_hidden-md vc_hidden-sm vc_hidden-xs\u00bb][vc_single_image image=\u00bb634&#8243; img_size=\u00bbfull\u00bb qode_css_animation=\u00bb\u00bb][\/vc_column][\/vc_row][vc_row css_animation=\u00bb\u00bb row_type=\u00bbrow\u00bb use_row_as_full_screen_section=\u00bbno\u00bb type=\u00bbgrid\u00bb angled_section=\u00bbno\u00bb text_align=\u00bbleft\u00bb background_image_as_pattern=\u00bbwithout_pattern\u00bb z_index=\u00bb\u00bb css=\u00bb.vc_custom_1532461575420{padding-top: 50px !important;padding-bottom: 10px !important;}\u00bb][vc_column css=\u00bb.vc_custom_1532461580758{margin-top: -110px !important;}\u00bb offset=\u00bbvc_hidden-lg\u00bb][vc_single_image image=\u00bb634&#8243; img_size=\u00bbfull\u00bb qode_css_animation=\u00bb\u00bb][\/vc_column][\/vc_row][vc_row css_animation=\u00bb\u00bb row_type=\u00bbrow\u00bb use_row_as_full_screen_section=\u00bbno\u00bb type=\u00bbgrid\u00bb angled_section=\u00bbno\u00bb text_align=\u00bbleft\u00bb background_image_as_pattern=\u00bbwithout_pattern\u00bb css=\u00bb.vc_custom_1532461355209{padding-top: 10px !important;padding-bottom: 60px !important;}\u00bb z_index=\u00bb\u00bb][vc_column css=\u00bb.vc_custom_1532384547906{padding-right: [&hellip;]<\/p>\n","protected":false},"author":1,"featured_media":0,"parent":0,"menu_order":0,"comment_status":"closed","ping_status":"closed","template":"full_width.php","meta":{"footnotes":""},"class_list":["post-633","page","type-page","status-publish","hentry"],"_links":{"self":[{"href":"https:\/\/coan.devtop.online\/index.php\/wp-json\/wp\/v2\/pages\/633","targetHints":{"allow":["GET"]}}],"collection":[{"href":"https:\/\/coan.devtop.online\/index.php\/wp-json\/wp\/v2\/pages"}],"about":[{"href":"https:\/\/coan.devtop.online\/index.php\/wp-json\/wp\/v2\/types\/page"}],"author":[{"embeddable":true,"href":"https:\/\/coan.devtop.online\/index.php\/wp-json\/wp\/v2\/users\/1"}],"replies":[{"embeddable":true,"href":"https:\/\/coan.devtop.online\/index.php\/wp-json\/wp\/v2\/comments?post=633"}],"version-history":[{"count":0,"href":"https:\/\/coan.devtop.online\/index.php\/wp-json\/wp\/v2\/pages\/633\/revisions"}],"wp:attachment":[{"href":"https:\/\/coan.devtop.online\/index.php\/wp-json\/wp\/v2\/media?parent=633"}],"curies":[{"name":"wp","href":"https:\/\/api.w.org\/{rel}","templated":true}]}}