{"id":492,"date":"2018-07-24T15:06:13","date_gmt":"2018-07-24T15:06:13","guid":{"rendered":"http:\/\/www.coandominicana.com\/?page_id=492"},"modified":"2018-07-24T15:06:13","modified_gmt":"2018-07-24T15:06:13","slug":"hogar","status":"publish","type":"page","link":"https:\/\/coan.devtop.online\/index.php\/hogar\/","title":{"rendered":"Hogar"},"content":{"rendered":"<div class=\"wpb-content-wrapper\"><p>[vc_row css_animation=\u00bb\u00bb row_type=\u00bbrow\u00bb use_row_as_full_screen_section=\u00bbno\u00bb type=\u00bbgrid\u00bb angled_section=\u00bbno\u00bb text_align=\u00bbleft\u00bb background_image_as_pattern=\u00bbwithout_pattern\u00bb z_index=\u00bb\u00bb css=\u00bb.vc_custom_1542074204077{margin-top: -15px !important;}\u00bb][vc_column css=\u00bb.vc_custom_1532462041010{margin-top: -110px !important;}\u00bb offset=\u00bbvc_hidden-md vc_hidden-sm vc_hidden-xs\u00bb][vc_single_image image=\u00bb822&#8243; img_size=\u00bbfull\u00bb qode_css_animation=\u00bb\u00bb][vc_empty_space height=\u00bb40&#8243;][vc_column_text]<\/p>\n<h3>Nos tomamos muy en serio la seguridad de tu familia y es algo que no puede esperar, por eso hemos dise\u00f1ado paquetes de seguridad para protegerlos.<\/h3>\n<p>[\/vc_column_text][\/vc_column][\/vc_row][vc_row css_animation=\u00bb\u00bb row_type=\u00bbrow\u00bb use_row_as_full_screen_section=\u00bbno\u00bb type=\u00bbgrid\u00bb angled_section=\u00bbno\u00bb text_align=\u00bbleft\u00bb background_image_as_pattern=\u00bbwithout_pattern\u00bb z_index=\u00bb\u00bb css=\u00bb.vc_custom_1532462048228{padding-top: 50px !important;padding-bottom: 10px !important;}\u00bb][vc_column css=\u00bb.vc_custom_1532462055457{margin-top: -110px !important;}\u00bb offset=\u00bbvc_hidden-lg\u00bb][\/vc_column][\/vc_row][vc_row css_animation=\u00bb\u00bb row_type=\u00bbrow\u00bb use_row_as_full_screen_section=\u00bbno\u00bb type=\u00bbgrid\u00bb angled_section=\u00bbno\u00bb text_align=\u00bbleft\u00bb background_image_as_pattern=\u00bbwithout_pattern\u00bb css=\u00bb.vc_custom_1542074245774{padding-top: 10px !important;padding-bottom: 20px !important;}\u00bb z_index=\u00bb\u00bb][vc_column css=\u00bb.vc_custom_1532384547906{padding-right: 5% !important;padding-left: 5% !important;}\u00bb][vc_column_text]<\/p>\n<h3 style=\"text-align: center;\"><strong>Nuestras soluciones:<\/strong><\/h3>\n<p>[\/vc_column_text][\/vc_column][\/vc_row][vc_row css_animation=\u00bb\u00bb row_type=\u00bbrow\u00bb use_row_as_full_screen_section=\u00bbno\u00bb type=\u00bbgrid\u00bb angled_section=\u00bbno\u00bb text_align=\u00bbleft\u00bb background_image_as_pattern=\u00bbwithout_pattern\u00bb css=\u00bb.vc_custom_1532987678806{padding-top: 40px !important;padding-bottom: 60px !important;}\u00bb z_index=\u00bb\u00bb el_id=\u00bbcentrales\u00bb][vc_column width=\u00bb1\/2&#8243; css=\u00bb.vc_custom_1532384547906{padding-right: 5% !important;padding-left: 5% !important;}\u00bb][vc_column_text]<\/p>\n<h3>Sistemas de C\u00e1maras de Vigilancia<\/h3>\n<p>[\/vc_column_text][vc_empty_space][vc_column_text]En este paquete incluimos sistemas de c\u00e1maras para monitorear tu hogar desde cualquier parte del mundo 24 horas, 7 d\u00edas a la semana. El paquete incluye:<br \/>\n* C\u00e1maras de Alta definici\u00f3n (HD) con visi\u00f3n noctura<br \/>\n* DVR para grabaciones<br \/>\n* Disco Duro<br \/>\n* Monitor<br \/>\n* Cables y Conectores<br \/>\n* Configuraci\u00f3n y programaci\u00f3n para monitoreo desde tel\u00e9fonos celulares.<br \/>\n* Entrenamiento y capacitaci\u00f3n para el correcto manejo del equipo<br \/>\n* Entre otros[\/vc_column_text][vc_empty_space][vc_row_inner row_type=\u00bbrow\u00bb type=\u00bbfull_width\u00bb text_align=\u00bbleft\u00bb css_animation=\u00bb\u00bb][vc_column_inner width=\u00bb1\/2&#8243; offset=\u00bbvc_hidden-md vc_hidden-sm vc_hidden-xs\u00bb][button size=\u00bbsmall\u00bb target=\u00bb_self\u00bb hover_type=\u00bbdefault\u00bb text_align=\u00bbcenter\u00bb text=\u00bbSolicitar Levantamiento\u00bb background_color=\u00bb#606060&#8243; hover_background_color=\u00bb#9bbf41&#8243; border_color=\u00bb#606060&#8243; hover_border_color=\u00bb#9bbf41&#8243; link=\u00bbhttps:\/\/www.coandominicana.com\/solicitar-levantamiento\/\u00bb][\/vc_column_inner][vc_column_inner width=\u00bb1\/2&#8243;][button size=\u00bbsmall\u00bb target=\u00bb_self\u00bb hover_type=\u00bbdefault\u00bb text_align=\u00bbcenter\u00bb text=\u00bbObtener Cotizaci\u00f3n\u00bb background_color=\u00bb#606060&#8243; hover_background_color=\u00bb#9bbf41&#8243; border_color=\u00bb#606060&#8243; hover_border_color=\u00bb#9bbf41&#8243; link=\u00bbhttp:\/\/www.coandominicana.com\/cotizaciones-online\/\u00bb][\/vc_column_inner][\/vc_row_inner][vc_empty_space][\/vc_column][vc_column width=\u00bb1\/2&#8243;][vc_empty_space height=\u00bb50px\u00bb][vc_single_image image=\u00bb824&#8243; img_size=\u00bbfull\u00bb qode_css_animation=\u00bb\u00bb][\/vc_column][\/vc_row][vc_row css_animation=\u00bb\u00bb row_type=\u00bbrow\u00bb use_row_as_full_screen_section=\u00bbno\u00bb type=\u00bbgrid\u00bb angled_section=\u00bbno\u00bb text_align=\u00bbleft\u00bb background_image_as_pattern=\u00bbwithout_pattern\u00bb css=\u00bb.vc_custom_1532987706964{padding-top: 40px !important;padding-bottom: 60px !important;}\u00bb z_index=\u00bb\u00bb el_id=\u00bbcerocosto\u00bb][vc_column width=\u00bb1\/2&#8243; css=\u00bb.vc_custom_1532384547906{padding-right: 5% !important;padding-left: 5% !important;}\u00bb][vc_single_image image=\u00bb827&#8243; img_size=\u00bb400&#215;400&#8243; qode_css_animation=\u00bb\u00bb][\/vc_column][vc_column width=\u00bb1\/2&#8243;][vc_column_text]<\/p>\n<h3>Cerradura Inteligente<\/h3>\n<p>[\/vc_column_text][vc_empty_space][vc_column_text]Con nuestro sistemas de cerraduras inteligentes, es mucho mas f\u00e1cil y seguro entrar y salira de tu hogar, sin necesidad de tener llaves, contiene los siguientes beneficios:<br \/>\nIncluye:<br \/>\n* Equipo biom\u00e9trico, soporta huellas dactilares o contrase\u00f1as<br \/>\n* Manilla totalmente independiente para evitar la entrada por la fuerza.<br \/>\n* Dise\u00f1o moderno y sencillo.<br \/>\n* Alarma que avisa el nivel bajo de bateria<br \/>\n* Llave de emergencia en caso.<br \/>\n* 1 a\u00f1o de garant\u00eda.[\/vc_column_text][vc_empty_space][vc_row_inner row_type=\u00bbrow\u00bb type=\u00bbfull_width\u00bb text_align=\u00bbleft\u00bb css_animation=\u00bb\u00bb][vc_column_inner width=\u00bb1\/2&#8243; offset=\u00bbvc_hidden-md vc_hidden-sm vc_hidden-xs\u00bb][button size=\u00bbsmall\u00bb target=\u00bb_self\u00bb hover_type=\u00bbdefault\u00bb text_align=\u00bbcenter\u00bb text=\u00bbVer Productos\u00bb background_color=\u00bb#606060&#8243; hover_background_color=\u00bb#9bbf41&#8243; border_color=\u00bb#606060&#8243; hover_border_color=\u00bb#9bbf41&#8243; link=\u00bbhttps:\/\/www.coandominicana.com\/cerraduras-electricas\/\u00bb][\/vc_column_inner][vc_column_inner width=\u00bb1\/2&#8243;][button size=\u00bbsmall\u00bb target=\u00bb_self\u00bb hover_type=\u00bbdefault\u00bb text_align=\u00bbcenter\u00bb text=\u00bbObtener Cotizaci\u00f3n\u00bb background_color=\u00bb#606060&#8243; hover_background_color=\u00bb#9bbf41&#8243; border_color=\u00bb#606060&#8243; hover_border_color=\u00bb#9bbf41&#8243; link=\u00bbhttp:\/\/www.coandominicana.com\/cotizaciones-online\/\u00bb][\/vc_column_inner][\/vc_row_inner][\/vc_column][\/vc_row][vc_row css_animation=\u00bb\u00bb row_type=\u00bbrow\u00bb use_row_as_full_screen_section=\u00bbno\u00bb type=\u00bbgrid\u00bb angled_section=\u00bbno\u00bb text_align=\u00bbleft\u00bb background_image_as_pattern=\u00bbwithout_pattern\u00bb css=\u00bb.vc_custom_1532987678806{padding-top: 40px !important;padding-bottom: 60px !important;}\u00bb z_index=\u00bb\u00bb][vc_column width=\u00bb1\/2&#8243; css=\u00bb.vc_custom_1532384547906{padding-right: 5% !important;padding-left: 5% !important;}\u00bb][vc_column_text]<\/p>\n<h3>Sistemas de Alarmas<\/h3>\n<p>[\/vc_column_text][vc_empty_space height=\u00bb15px\u00bb][vc_column_text]Disponemos de diferentes sistemas de alarmas controladas desde tu celular y totalmente inal\u00e1mbricas para mantener tu hogar todo el tiempo protegido, estos paquetes incluyen lo siguiente:<\/p>\n<p>* Mando de alarma con botonos o no-touch.<br \/>\n* Sensores de movimientos.<br \/>\n* Sensores de puerta y ventanas.<br \/>\n* Controles remotos para manejar la alarma a distancia.<br \/>\n* Sirenas repetidoras de sonido.<br \/>\n* Entre otros accesorios.<br \/>\n* Mando de alarma con botonos o no-touch.<br \/>\n* Sensores de movientos.<br \/>\n* Sensores de puerta y ventanas.<br \/>\n* Controles remotos para manejar la alarma a distancia.<br \/>\n* Sirenas exteriores repetidoras de sonido.<br \/>\n* Detectores de humos<br \/>\n* Entre otros accesorios[\/vc_column_text][vc_empty_space height=\u00bb15px\u00bb][vc_row_inner row_type=\u00bbrow\u00bb type=\u00bbfull_width\u00bb text_align=\u00bbleft\u00bb css_animation=\u00bb\u00bb][vc_column_inner width=\u00bb1\/2&#8243; offset=\u00bbvc_hidden-md vc_hidden-sm vc_hidden-xs\u00bb][button size=\u00bbsmall\u00bb target=\u00bb_self\u00bb hover_type=\u00bbdefault\u00bb text_align=\u00bbcenter\u00bb text=\u00bbVer Productos\u00bb background_color=\u00bb#606060&#8243; hover_background_color=\u00bb#9bbf41&#8243; border_color=\u00bb#606060&#8243; hover_border_color=\u00bb#9bbf41&#8243; link=\u00bbhttps:\/\/www.coandominicana.com\/sistema-de-alarma\/\u00bb][\/vc_column_inner][vc_column_inner width=\u00bb1\/2&#8243;][button size=\u00bbsmall\u00bb target=\u00bb_self\u00bb hover_type=\u00bbdefault\u00bb text_align=\u00bbcenter\u00bb text=\u00bbObtener Cotizaci\u00f3n\u00bb background_color=\u00bb#606060&#8243; hover_background_color=\u00bb#9bbf41&#8243; border_color=\u00bb#606060&#8243; hover_border_color=\u00bb#9bbf41&#8243; link=\u00bbhttp:\/\/www.coandominicana.com\/cotizaciones-online\/\u00bb][\/vc_column_inner][\/vc_row_inner][vc_empty_space][\/vc_column][vc_column width=\u00bb1\/2&#8243;][vc_empty_space height=\u00bb50px\u00bb][vc_single_image image=\u00bb829&#8243; img_size=\u00bbfull\u00bb qode_css_animation=\u00bb\u00bb][\/vc_column][\/vc_row][vc_row css_animation=\u00bb\u00bb row_type=\u00bbrow\u00bb use_row_as_full_screen_section=\u00bbno\u00bb type=\u00bbgrid\u00bb angled_section=\u00bbno\u00bb text_align=\u00bbleft\u00bb background_image_as_pattern=\u00bbwithout_pattern\u00bb css=\u00bb.vc_custom_1532987706964{padding-top: 40px !important;padding-bottom: 60px !important;}\u00bb z_index=\u00bb\u00bb][vc_column width=\u00bb1\/2&#8243; css=\u00bb.vc_custom_1532384547906{padding-right: 5% !important;padding-left: 5% !important;}\u00bb][vc_single_image image=\u00bb830&#8243; img_size=\u00bbfull\u00bb qode_css_animation=\u00bb\u00bb][\/vc_column][vc_column width=\u00bb1\/2&#8243;][vc_column_text]<\/p>\n<h3>Automatizaci\u00f3n<\/h3>\n<p>[\/vc_column_text][vc_empty_space][vc_column_text]Disponemos de una amplia gama de soluciones en automatizaciones que van desde Motores el\u00e9ctricos, barreras de paso, brasos de paso y todo lo que conlleva el acceso vehicular.<\/p>\n<p>Trabajamos con las mejores marcas del mercado, para as\u00ed brindarles a nuestros clientes equipos de calidad.[\/vc_column_text][vc_empty_space][vc_row_inner row_type=\u00bbrow\u00bb type=\u00bbfull_width\u00bb text_align=\u00bbleft\u00bb css_animation=\u00bb\u00bb][vc_column_inner width=\u00bb1\/2&#8243; offset=\u00bbvc_hidden-md vc_hidden-sm vc_hidden-xs\u00bb][button size=\u00bbsmall\u00bb target=\u00bb_self\u00bb hover_type=\u00bbdefault\u00bb text_align=\u00bbcenter\u00bb text=\u00bbVer Productos\u00bb background_color=\u00bb#606060&#8243; hover_background_color=\u00bb#9bbf41&#8243; border_color=\u00bb#606060&#8243; hover_border_color=\u00bb#9bbf41&#8243; link=\u00bbhttps:\/\/www.coandominicana.com\/motores-electricos-y-automatizacion\/\u00bb][\/vc_column_inner][vc_column_inner width=\u00bb1\/2&#8243;][button size=\u00bbsmall\u00bb target=\u00bb_self\u00bb hover_type=\u00bbdefault\u00bb text_align=\u00bbcenter\u00bb text=\u00bbObtener Cotizaci\u00f3n\u00bb background_color=\u00bb#606060&#8243; hover_background_color=\u00bb#9bbf41&#8243; border_color=\u00bb#606060&#8243; hover_border_color=\u00bb#9bbf41&#8243; link=\u00bbhttp:\/\/www.coandominicana.com\/cotizaciones-online\/\u00bb][\/vc_column_inner][\/vc_row_inner][\/vc_column][\/vc_row][vc_row css_animation=\u00bb\u00bb row_type=\u00bbrow\u00bb use_row_as_full_screen_section=\u00bbno\u00bb type=\u00bbgrid\u00bb angled_section=\u00bbno\u00bb text_align=\u00bbleft\u00bb background_image_as_pattern=\u00bbwithout_pattern\u00bb css=\u00bb.vc_custom_1532987678806{padding-top: 40px !important;padding-bottom: 60px !important;}\u00bb z_index=\u00bb\u00bb][vc_column width=\u00bb1\/2&#8243; css=\u00bb.vc_custom_1532384547906{padding-right: 5% !important;padding-left: 5% !important;}\u00bb][vc_column_text]<\/p>\n<h3>Sistemas de GPS para tus Veh\u00edculos<\/h3>\n<p>[\/vc_column_text][vc_empty_space height=\u00bb15px\u00bb][vc_column_text]Conocemos lo importante que es proteger nuestros vehiculos contra posibles robos, es por eso que contamos con los m\u00e1s modernos sistemas de localizaci\u00f3n GPS tanto para flotillas de vehiculos como para vehiculos particulares, este sistema avanzado de GPS te permite lo siguiente:<\/p>\n<p>*Monitorear desde tu celular 24\/7 la ubicaci\u00f3n de tu vehiculo o flotilla.<br \/>\n*Verificar y conocer el historial de ruta de sus veh\u00edculos.<br \/>\n*Control de velocidad y de zona<br \/>\n*Apagado remoto del vehiculo en caso de emergencia o de robo<br \/>\n*Notificaciones via APP, SMS de los eventos del veh\u00edculo.<br \/>\n*Bot\u00f3n de p\u00e1nico<br \/>\n*Entre cosas funciones[\/vc_column_text][vc_empty_space height=\u00bb15px\u00bb][vc_row_inner row_type=\u00bbrow\u00bb type=\u00bbfull_width\u00bb text_align=\u00bbleft\u00bb css_animation=\u00bb\u00bb][vc_column_inner width=\u00bb1\/2&#8243; offset=\u00bbvc_hidden-md vc_hidden-sm vc_hidden-xs\u00bb][button size=\u00bbsmall\u00bb target=\u00bb_self\u00bb hover_type=\u00bbdefault\u00bb text_align=\u00bbcenter\u00bb text=\u00bbSolicitar Levantamiento\u00bb background_color=\u00bb#606060&#8243; hover_background_color=\u00bb#9bbf41&#8243; border_color=\u00bb#606060&#8243; hover_border_color=\u00bb#9bbf41&#8243; link=\u00bbhttps:\/\/www.coandominicana.com\/solicitar-levantamiento\/\u00bb][\/vc_column_inner][vc_column_inner width=\u00bb1\/2&#8243;][button size=\u00bbsmall\u00bb target=\u00bb_self\u00bb hover_type=\u00bbdefault\u00bb text_align=\u00bbcenter\u00bb text=\u00bbObtener Cotizaci\u00f3n\u00bb background_color=\u00bb#606060&#8243; hover_background_color=\u00bb#9bbf41&#8243; border_color=\u00bb#606060&#8243; hover_border_color=\u00bb#9bbf41&#8243; link=\u00bbhttp:\/\/www.coandominicana.com\/cotizaciones-online\/\u00bb][\/vc_column_inner][\/vc_row_inner][vc_empty_space][\/vc_column][vc_column width=\u00bb1\/2&#8243;][vc_single_image image=\u00bb833&#8243; img_size=\u00bbfull\u00bb qode_css_animation=\u00bb\u00bb][\/vc_column][\/vc_row][vc_row css_animation=\u00bb\u00bb row_type=\u00bbrow\u00bb use_row_as_full_screen_section=\u00bbno\u00bb type=\u00bbgrid\u00bb angled_section=\u00bbno\u00bb text_align=\u00bbleft\u00bb background_image_as_pattern=\u00bbwithout_pattern\u00bb css=\u00bb.vc_custom_1532987706964{padding-top: 40px !important;padding-bottom: 60px !important;}\u00bb z_index=\u00bb\u00bb][vc_column width=\u00bb1\/2&#8243; css=\u00bb.vc_custom_1532384547906{padding-right: 5% !important;padding-left: 5% !important;}\u00bb][vc_single_image image=\u00bb834&#8243; img_size=\u00bbfull\u00bb qode_css_animation=\u00bb\u00bb][\/vc_column][vc_column width=\u00bb1\/2&#8243;][vc_column_text]<\/p>\n<h3>Sistemas de Intecom<\/h3>\n<p>[\/vc_column_text][vc_empty_space][vc_column_text]Somos expertos en la instalaci\u00f3n de sistemas de intercom, tanto para residenciales como para casas individuales, trabajamos con las marcas CONMAX, KOCOOM entre otras, las cuales nos permiten brindarles productos de calidad a nuestros clientes.[\/vc_column_text][vc_empty_space][vc_row_inner row_type=\u00bbrow\u00bb type=\u00bbfull_width\u00bb text_align=\u00bbleft\u00bb css_animation=\u00bb\u00bb][vc_column_inner width=\u00bb1\/2&#8243; offset=\u00bbvc_hidden-md vc_hidden-sm vc_hidden-xs\u00bb][button size=\u00bbsmall\u00bb target=\u00bb_self\u00bb hover_type=\u00bbdefault\u00bb text_align=\u00bbcenter\u00bb text=\u00bbVer Productos\u00bb background_color=\u00bb#606060&#8243; hover_background_color=\u00bb#9bbf41&#8243; border_color=\u00bb#606060&#8243; hover_border_color=\u00bb#9bbf41&#8243; link=\u00bbhttps:\/\/www.coandominicana.com\/sistema-de-intercom\/\u00bb][\/vc_column_inner][vc_column_inner width=\u00bb1\/2&#8243;][button size=\u00bbsmall\u00bb target=\u00bb_self\u00bb hover_type=\u00bbdefault\u00bb text_align=\u00bbcenter\u00bb text=\u00bbObtener Cotizaci\u00f3n\u00bb background_color=\u00bb#606060&#8243; hover_background_color=\u00bb#9bbf41&#8243; border_color=\u00bb#606060&#8243; hover_border_color=\u00bb#9bbf41&#8243; link=\u00bbhttp:\/\/www.coandominicana.com\/cotizaciones-online\/\u00bb][\/vc_column_inner][\/vc_row_inner][\/vc_column][\/vc_row][vc_row css_animation=\u00bb\u00bb row_type=\u00bbrow\u00bb use_row_as_full_screen_section=\u00bbno\u00bb type=\u00bbfull_width\u00bb angled_section=\u00bbno\u00bb text_align=\u00bbcenter\u00bb background_image_as_pattern=\u00bbwithout_pattern\u00bb css=\u00bb.vc_custom_1532638631722{margin-top: 20px !important;background-color: #f3f2f2 !important;}\u00bb z_index=\u00bb6&#8243;][vc_column][vc_row_inner row_type=\u00bbrow\u00bb type=\u00bbgrid\u00bb text_align=\u00bbcenter\u00bb css_animation=\u00bb\u00bb css=\u00bb.vc_custom_1523542835276{padding-bottom: 30px !important;}\u00bb][vc_column_inner][qode_elements_holder number_of_columns=\u00bbone_column\u00bb][qode_elements_holder_item item_padding=\u00bb70px 10% 77px 10%\u00bb advanced_animations=\u00bbno\u00bb item_padding_600_768=\u00bb200px 8% 100px 8%\u00bb][vc_column_text]<\/p>\n<h2 style=\"text-align: center;\">\u00bfAlguna consulta?<\/h2>\n<p>[\/vc_column_text][vc_empty_space][vc_column_text]<\/p>\n<h4>Deja tus datos y uno de nuestros ejecutivos te contactar\u00e1.<\/h4>\n<p>[\/vc_column_text][vc_empty_space height=\u00bb60px\u00bb][vc_raw_html]JTNDc2NyaXB0JTIwaWQlM0QlMjJieDI0X2Zvcm1faW5saW5lJTIyJTIwZGF0YS1za2lwLW1vdmluZyUzRCUyMnRydWUlMjIlM0UlMEElMjAlMjAlMjAlMjAlMjAlMjAlMjAlMjAlMjhmdW5jdGlvbiUyOHclMkNkJTJDdSUyQ2IlMjklN0J3JTVCJTI3Qml0cml4MjRGb3JtT2JqZWN0JTI3JTVEJTNEYiUzQnclNUJiJTVEJTIwJTNEJTIwdyU1QmIlNUQlMjAlN0MlN0MlMjBmdW5jdGlvbiUyOCUyOSU3QmFyZ3VtZW50cyU1QjAlNUQucmVmJTNEdSUzQiUwQSUyMCUyMCUyMCUyMCUyMCUyMCUyMCUyMCUyMCUyMCUyMCUyMCUyMCUyMCUyMCUyMCUyOHclNUJiJTVELmZvcm1zJTNEdyU1QmIlNUQuZm9ybXMlN0MlN0MlNUIlNUQlMjkucHVzaCUyOGFyZ3VtZW50cyU1QjAlNUQlMjklN0QlM0IlMEElMjAlMjAlMjAlMjAlMjAlMjAlMjAlMjAlMjAlMjAlMjAlMjAlMjAlMjAlMjAlMjBpZiUyOHclNUJiJTVEJTVCJTI3Zm9ybXMlMjclNUQlMjklMjByZXR1cm4lM0IlMEElMjAlMjAlMjAlMjAlMjAlMjAlMjAlMjAlMjAlMjAlMjAlMjAlMjAlMjAlMjAlMjB2YXIlMjBzJTNEZC5jcmVhdGVFbGVtZW50JTI4JTI3c2NyaXB0JTI3JTI5JTNCcy5hc3luYyUzRDElM0JzLnNyYyUzRHUlMkIlMjclM0YlMjclMkIlMjgxJTJBbmV3JTIwRGF0ZSUyOCUyOSUyOSUzQiUwQSUyMCUyMCUyMCUyMCUyMCUyMCUyMCUyMCUyMCUyMCUyMCUyMCUyMCUyMCUyMCUyMHZhciUyMGglM0RkLmdldEVsZW1lbnRzQnlUYWdOYW1lJTI4JTI3c2NyaXB0JTI3JTI5JTVCMCU1RCUzQmgucGFyZW50Tm9kZS5pbnNlcnRCZWZvcmUlMjhzJTJDaCUyOSUzQiUwQSUyMCUyMCUyMCUyMCUyMCUyMCUyMCUyMCU3RCUyOSUyOHdpbmRvdyUyQ2RvY3VtZW50JTJDJTI3aHR0cHMlM0ElMkYlMkZzZWFzb25zZHIuYml0cml4MjQuZXMlMkZiaXRyaXglMkZqcyUyRmNybSUyRmZvcm1fbG9hZGVyLmpzJTI3JTJDJTI3YjI0Zm9ybSUyNyUyOSUzQiUwQSUwQSUyMCUyMCUyMCUyMCUyMCUyMCUyMCUyMGIyNGZvcm0lMjglN0IlMjJpZCUyMiUzQSUyMjE1JTIyJTJDJTIybGFuZyUyMiUzQSUyMmxhJTIyJTJDJTIyc2VjJTIyJTNBJTIyNXNidnB6JTIyJTJDJTIydHlwZSUyMiUzQSUyMmlubGluZSUyMiU3RCUyOSUzQiUwQSUzQyUyRnNjcmlwdCUzRSUyMCUyMA==[\/vc_raw_html][\/qode_elements_holder_item][\/qode_elements_holder][\/vc_column_inner][\/vc_row_inner][\/vc_column][\/vc_row]<\/p>\n<\/div>","protected":false},"excerpt":{"rendered":"<p>[vc_row css_animation=\u00bb\u00bb row_type=\u00bbrow\u00bb use_row_as_full_screen_section=\u00bbno\u00bb type=\u00bbgrid\u00bb angled_section=\u00bbno\u00bb text_align=\u00bbleft\u00bb background_image_as_pattern=\u00bbwithout_pattern\u00bb z_index=\u00bb\u00bb css=\u00bb.vc_custom_1542074204077{margin-top: -15px !important;}\u00bb][vc_column css=\u00bb.vc_custom_1532462041010{margin-top: -110px !important;}\u00bb offset=\u00bbvc_hidden-md vc_hidden-sm vc_hidden-xs\u00bb][vc_single_image image=\u00bb822&#8243; img_size=\u00bbfull\u00bb qode_css_animation=\u00bb\u00bb][vc_empty_space height=\u00bb40&#8243;][vc_column_text] Nos tomamos muy en serio la seguridad de tu familia y es algo que no puede esperar, por eso hemos dise\u00f1ado paquetes de seguridad para protegerlos. [\/vc_column_text][\/vc_column][\/vc_row][vc_row css_animation=\u00bb\u00bb row_type=\u00bbrow\u00bb use_row_as_full_screen_section=\u00bbno\u00bb type=\u00bbgrid\u00bb angled_section=\u00bbno\u00bb text_align=\u00bbleft\u00bb [&hellip;]<\/p>\n","protected":false},"author":1,"featured_media":0,"parent":0,"menu_order":0,"comment_status":"closed","ping_status":"closed","template":"full_width.php","meta":{"footnotes":""},"class_list":["post-492","page","type-page","status-publish","hentry"],"_links":{"self":[{"href":"https:\/\/coan.devtop.online\/index.php\/wp-json\/wp\/v2\/pages\/492","targetHints":{"allow":["GET"]}}],"collection":[{"href":"https:\/\/coan.devtop.online\/index.php\/wp-json\/wp\/v2\/pages"}],"about":[{"href":"https:\/\/coan.devtop.online\/index.php\/wp-json\/wp\/v2\/types\/page"}],"author":[{"embeddable":true,"href":"https:\/\/coan.devtop.online\/index.php\/wp-json\/wp\/v2\/users\/1"}],"replies":[{"embeddable":true,"href":"https:\/\/coan.devtop.online\/index.php\/wp-json\/wp\/v2\/comments?post=492"}],"version-history":[{"count":0,"href":"https:\/\/coan.devtop.online\/index.php\/wp-json\/wp\/v2\/pages\/492\/revisions"}],"wp:attachment":[{"href":"https:\/\/coan.devtop.online\/index.php\/wp-json\/wp\/v2\/media?parent=492"}],"curies":[{"name":"wp","href":"https:\/\/api.w.org\/{rel}","templated":true}]}}